{"id":194,"date":"2025-12-27T07:05:44","date_gmt":"2025-12-27T06:05:44","guid":{"rendered":"https:\/\/gruen-weiss-golm.de\/?page_id=194"},"modified":"2026-04-02T10:34:28","modified_gmt":"2026-04-02T09:34:28","slug":"impressum","status":"publish","type":"page","link":"https:\/\/gruen-weiss-golm.de\/?page_id=194","title":{"rendered":"Impressum"},"content":{"rendered":"\t\t<div data-elementor-type=\"wp-page\" data-elementor-id=\"194\" class=\"elementor elementor-194\">\n\t\t\t\t<div class=\"elementor-element elementor-element-06c6f64 e-flex e-con-boxed e-con e-parent\" data-id=\"06c6f64\" data-element_type=\"container\" data-e-type=\"container\">\n\t\t\t\t\t<div class=\"e-con-inner\">\n\t\t\t\t<div class=\"elementor-element elementor-element-f1946fb elementor-widget-divider--view-line_text elementor-widget-divider--element-align-center elementor-widget elementor-widget-divider\" data-id=\"f1946fb\" data-element_type=\"widget\" data-e-type=\"widget\" data-widget_type=\"divider.default\">\n\t\t\t\t\t\t\t<div class=\"elementor-divider\">\n\t\t\t<span class=\"elementor-divider-separator\">\n\t\t\t\t\t\t\t<span class=\"elementor-divider__text elementor-divider__element\">\n\t\t\t\tLateinisch f\u00fcr \u201eHineingedr\u00fccktes\u201c bzw. \u201eAufgedr\u00fccktes\u201c\t\t\t\t<\/span>\n\t\t\t\t\t\t<\/span>\n\t\t<\/div>\n\t\t\t\t\t\t<\/div>\n\t\t\t\t\t<\/div>\n\t\t\t\t<\/div>\n\t\t<div class=\"elementor-element elementor-element-c3fcce0 e-flex e-con-boxed e-con e-parent\" data-id=\"c3fcce0\" data-element_type=\"container\" data-e-type=\"container\">\n\t\t\t\t\t<div class=\"e-con-inner\">\n\t\t\t\t<div class=\"elementor-element elementor-element-f8f0f58 elementor-widget elementor-widget-text-editor\" data-id=\"f8f0f58\" data-element_type=\"widget\" data-e-type=\"widget\" data-widget_type=\"text-editor.default\">\n\t\t\t\t\t\t\t\t\t<p style=\"text-align: left;\"><strong>SG Gr\u00fcn-Wei\u00df Golm e.V.<\/strong><\/p><p style=\"text-align: left;\">Kuhfortdamm 7<\/p><p style=\"text-align: left;\">14476 Potsdam, OT Golm<\/p><p style=\"text-align: left;\"><strong>E-Mail:<\/strong> <a href=\"mailto:verein@gruen-weiss-golm.de\">verein@gruen-weiss-golm.de<\/a><\/p><p><strong>Telefon:<\/strong> 0331-xxxxxxx<\/p>\t\t\t\t\t\t\t\t<\/div>\n\t\t\t\t<div class=\"elementor-element elementor-element-370c70c elementor-widget elementor-widget-text-editor\" data-id=\"370c70c\" data-element_type=\"widget\" data-e-type=\"widget\" data-widget_type=\"text-editor.default\">\n\t\t\t\t\t\t\t\t\t<p><strong>Vertreten durch den Vorstand:<\/strong> Nicolai Melcel (1. Vorsitzender), Marko Ewert (2. Vorsitzender), Ren\u00e9 K\u00f6nig (Schatzmeister), Marc Widdrat (Sportwart), Andreas L\u00fccke (Jugendwart), Ronny Werner (Schriftf\u00fchrer)<\/p><p><strong>Verantwortlich f\u00fcr redaktionelle Inhalte:<\/strong> Marc Widdrat<\/p>\t\t\t\t\t\t\t\t<\/div>\n\t\t\t\t<div class=\"elementor-element elementor-element-46e6552 elementor-widget elementor-widget-text-editor\" data-id=\"46e6552\" data-element_type=\"widget\" data-e-type=\"widget\" data-widget_type=\"text-editor.default\">\n\t\t\t\t\t\t\t\t\t<p style=\"text-align: left;\"><strong>Registergericht:<\/strong> Amtsgericht Potsdam<\/p><p style=\"text-align: left;\"><strong>Registernummer:<\/strong> VR 2214<\/p>\t\t\t\t\t\t\t\t<\/div>\n\t\t\t\t\t<\/div>\n\t\t\t\t<\/div>\n\t\t<div class=\"elementor-element elementor-element-b1b775b e-flex e-con-boxed e-con e-parent\" data-id=\"b1b775b\" data-element_type=\"container\" data-e-type=\"container\">\n\t\t\t\t\t<div class=\"e-con-inner\">\n\t\t\t\t<div class=\"elementor-element elementor-element-2f32283 elementor-widget-divider--view-line_icon elementor-view-default elementor-widget-divider--element-align-center elementor-widget elementor-widget-divider\" data-id=\"2f32283\" data-element_type=\"widget\" data-e-type=\"widget\" data-widget_type=\"divider.default\">\n\t\t\t\t\t\t\t<div class=\"elementor-divider\">\n\t\t\t<span class=\"elementor-divider-separator\">\n\t\t\t\t\t\t\t<div class=\"elementor-icon elementor-divider__element\">\n\t\t\t\t\t<svg aria-hidden=\"true\" class=\"e-font-icon-svg e-fas-star\" viewBox=\"0 0 576 512\" xmlns=\"http:\/\/www.w3.org\/2000\/svg\"><path d=\"M259.3 17.8L194 150.2 47.9 171.5c-26.2 3.8-36.7 36.1-17.7 54.6l105.7 103-25 145.5c-4.5 26.3 23.2 46 46.4 33.7L288 439.6l130.7 68.7c23.2 12.2 50.9-7.4 46.4-33.7l-25-145.5 105.7-103c19-18.5 8.5-50.8-17.7-54.6L382 150.2 316.7 17.8c-11.7-23.6-45.6-23.9-57.4 0z\"><\/path><\/svg><\/div>\n\t\t\t\t\t\t<\/span>\n\t\t<\/div>\n\t\t\t\t\t\t<\/div>\n\t\t\t\t\t<\/div>\n\t\t\t\t<\/div>\n\t\t\t\t<\/div>\n\t\t","protected":false},"excerpt":{"rendered":"<p>Lateinisch f\u00fcr \u201eHineingedr\u00fccktes\u201c bzw. \u201eAufgedr\u00fccktes\u201c SG Gr\u00fcn-Wei\u00df Golm e.V. Kuhfortdamm 7 14476 Potsdam, OT Golm E-Mail: verein@gruen-weiss-golm.de Telefon: 0331-xxxxxxx Vertreten durch den Vorstand: Nicolai Melcel (1. Vorsitzender), Marko Ewert (2. Vorsitzender), Ren\u00e9 K\u00f6nig (Schatzmeister), Marc Widdrat (Sportwart), Andreas L\u00fccke (Jugendwart), Ronny Werner (Schriftf\u00fchrer) Verantwortlich f\u00fcr redaktionelle Inhalte: Marc Widdrat Registergericht: Amtsgericht Potsdam Registernummer: VR 2214<\/p>\n","protected":false},"author":1,"featured_media":0,"parent":0,"menu_order":0,"comment_status":"closed","ping_status":"closed","template":"","meta":{"footnotes":""},"class_list":["post-194","page","type-page","status-publish","hentry"],"_links":{"self":[{"href":"https:\/\/gruen-weiss-golm.de\/index.php?rest_route=\/wp\/v2\/pages\/194","targetHints":{"allow":["GET"]}}],"collection":[{"href":"https:\/\/gruen-weiss-golm.de\/index.php?rest_route=\/wp\/v2\/pages"}],"about":[{"href":"https:\/\/gruen-weiss-golm.de\/index.php?rest_route=\/wp\/v2\/types\/page"}],"author":[{"embeddable":true,"href":"https:\/\/gruen-weiss-golm.de\/index.php?rest_route=\/wp\/v2\/users\/1"}],"replies":[{"embeddable":true,"href":"https:\/\/gruen-weiss-golm.de\/index.php?rest_route=%2Fwp%2Fv2%2Fcomments&post=194"}],"version-history":[{"count":25,"href":"https:\/\/gruen-weiss-golm.de\/index.php?rest_route=\/wp\/v2\/pages\/194\/revisions"}],"predecessor-version":[{"id":1546,"href":"https:\/\/gruen-weiss-golm.de\/index.php?rest_route=\/wp\/v2\/pages\/194\/revisions\/1546"}],"wp:attachment":[{"href":"https:\/\/gruen-weiss-golm.de\/index.php?rest_route=%2Fwp%2Fv2%2Fmedia&parent=194"}],"curies":[{"name":"wp","href":"https:\/\/api.w.org\/{rel}","templated":true}]}}