{"id":213,"date":"2025-12-27T07:18:02","date_gmt":"2025-12-27T06:18:02","guid":{"rendered":"https:\/\/gruen-weiss-golm.de\/?page_id=213"},"modified":"2026-04-06T06:19:19","modified_gmt":"2026-04-06T05:19:19","slug":"anreise","status":"publish","type":"page","link":"https:\/\/gruen-weiss-golm.de\/?page_id=213","title":{"rendered":"Anreise"},"content":{"rendered":"\t\t<div data-elementor-type=\"wp-page\" data-elementor-id=\"213\" class=\"elementor elementor-213\">\n\t\t\t\t<div class=\"elementor-element elementor-element-9f6c476 e-flex e-con-boxed e-con e-parent\" data-id=\"9f6c476\" data-element_type=\"container\" data-e-type=\"container\">\n\t\t\t\t\t<div class=\"e-con-inner\">\n\t\t\t\t<div class=\"elementor-element elementor-element-4417d08 elementor-widget-divider--view-line_text elementor-widget-divider--element-align-center elementor-widget elementor-widget-divider\" data-id=\"4417d08\" data-element_type=\"widget\" data-e-type=\"widget\" data-widget_type=\"divider.default\">\n\t\t\t\t\t\t\t<div class=\"elementor-divider\">\n\t\t\t<span class=\"elementor-divider-separator\">\n\t\t\t\t\t\t\t<span class=\"elementor-divider__text elementor-divider__element\">\n\t\t\t\tSo findest du uns.\t\t\t\t<\/span>\n\t\t\t\t\t\t<\/span>\n\t\t<\/div>\n\t\t\t\t\t\t<\/div>\n\t\t\t\t\t<\/div>\n\t\t\t\t<\/div>\n\t\t<div class=\"elementor-element elementor-element-f89ac0e e-flex e-con-boxed e-con e-parent\" data-id=\"f89ac0e\" data-element_type=\"container\" data-e-type=\"container\">\n\t\t\t\t\t<div class=\"e-con-inner\">\n\t\t<div class=\"elementor-element elementor-element-75f98b6 e-con-full e-flex e-con e-child\" data-id=\"75f98b6\" data-element_type=\"container\" data-e-type=\"container\">\n\t\t\t\t<div class=\"elementor-element elementor-element-348d503 elementor-widget elementor-widget-google_maps\" data-id=\"348d503\" data-element_type=\"widget\" data-e-type=\"widget\" data-widget_type=\"google_maps.default\">\n\t\t\t\t\t\t\t<div class=\"elementor-custom-embed\">\n\t\t\t<iframe loading=\"lazy\"\n\t\t\t\t\tsrc=\"https:\/\/maps.google.com\/maps?q=Kuhfortdamm%207%2C%2014476%20Potsdam&#038;t=m&#038;z=15&#038;output=embed&#038;iwloc=near\"\n\t\t\t\t\ttitle=\"Kuhfortdamm 7, 14476 Potsdam\"\n\t\t\t\t\taria-label=\"Kuhfortdamm 7, 14476 Potsdam\"\n\t\t\t><\/iframe>\n\t\t<\/div>\n\t\t\t\t\t\t<\/div>\n\t\t\t\t<\/div>\n\t\t<div class=\"elementor-element elementor-element-998b720 e-con-full e-grid e-con e-child\" data-id=\"998b720\" data-element_type=\"container\" data-e-type=\"container\">\n\t\t\t\t<div class=\"elementor-element elementor-element-c8c1a19 elementor-widget__width-inherit elementor-widget elementor-widget-text-editor\" data-id=\"c8c1a19\" data-element_type=\"widget\" data-e-type=\"widget\" data-widget_type=\"text-editor.default\">\n\t\t\t\t\t\t\t\t\t<h3>Adresse<\/h3><p>Kuhfortdamm 7<\/p><p>14476 Potsdam, OT Golm<\/p><hr \/><h3>\u00d6PNV<\/h3><p>N\u00e4chster Bahnhof: Bhf Golm<\/p><p>N\u00e4chste Bushaltestelle: Kuhfortdamm<\/p><p>Anreise mit den \u00d6ffis: <a href=\"https:\/\/www.vbb.de\/fahrinfo\/\" target=\"_blank\" rel=\"noopener\">Hier<\/a><\/p>\t\t\t\t\t\t\t\t<\/div>\n\t\t\t\t<\/div>\n\t\t\t\t\t<\/div>\n\t\t\t\t<\/div>\n\t\t\t\t<\/div>\n\t\t","protected":false},"excerpt":{"rendered":"<p>So findest du uns. Adresse Kuhfortdamm 7 14476 Potsdam, OT Golm \u00d6PNV N\u00e4chster Bahnhof: Bhf Golm N\u00e4chste Bushaltestelle: Kuhfortdamm Anreise mit den \u00d6ffis: Hier<\/p>\n","protected":false},"author":1,"featured_media":0,"parent":0,"menu_order":0,"comment_status":"closed","ping_status":"closed","template":"","meta":{"footnotes":""},"class_list":["post-213","page","type-page","status-publish","hentry"],"_links":{"self":[{"href":"https:\/\/gruen-weiss-golm.de\/index.php?rest_route=\/wp\/v2\/pages\/213","targetHints":{"allow":["GET"]}}],"collection":[{"href":"https:\/\/gruen-weiss-golm.de\/index.php?rest_route=\/wp\/v2\/pages"}],"about":[{"href":"https:\/\/gruen-weiss-golm.de\/index.php?rest_route=\/wp\/v2\/types\/page"}],"author":[{"embeddable":true,"href":"https:\/\/gruen-weiss-golm.de\/index.php?rest_route=\/wp\/v2\/users\/1"}],"replies":[{"embeddable":true,"href":"https:\/\/gruen-weiss-golm.de\/index.php?rest_route=%2Fwp%2Fv2%2Fcomments&post=213"}],"version-history":[{"count":22,"href":"https:\/\/gruen-weiss-golm.de\/index.php?rest_route=\/wp\/v2\/pages\/213\/revisions"}],"predecessor-version":[{"id":1850,"href":"https:\/\/gruen-weiss-golm.de\/index.php?rest_route=\/wp\/v2\/pages\/213\/revisions\/1850"}],"wp:attachment":[{"href":"https:\/\/gruen-weiss-golm.de\/index.php?rest_route=%2Fwp%2Fv2%2Fmedia&parent=213"}],"curies":[{"name":"wp","href":"https:\/\/api.w.org\/{rel}","templated":true}]}}