{"id":632,"date":"2025-12-27T22:53:01","date_gmt":"2025-12-27T21:53:01","guid":{"rendered":"https:\/\/gruen-weiss-golm.de\/?page_id=632"},"modified":"2026-04-09T12:43:46","modified_gmt":"2026-04-09T11:43:46","slug":"der-vorstand","status":"publish","type":"page","link":"https:\/\/gruen-weiss-golm.de\/?page_id=632","title":{"rendered":"Vorstand und Co."},"content":{"rendered":"\t\t<div data-elementor-type=\"wp-page\" data-elementor-id=\"632\" class=\"elementor elementor-632\">\n\t\t\t\t<div class=\"elementor-element elementor-element-88da64d e-flex e-con-boxed e-con e-parent\" data-id=\"88da64d\" data-element_type=\"container\" data-e-type=\"container\">\n\t\t\t\t\t<div class=\"e-con-inner\">\n\t\t\t\t<div class=\"elementor-element elementor-element-749b8d0 elementor-widget elementor-widget-text-editor\" data-id=\"749b8d0\" data-element_type=\"widget\" data-e-type=\"widget\" data-widget_type=\"text-editor.default\">\n\t\t\t\t\t\t\t\t\t<p>Falls du eine allgemeine Anfrage hast, nutze unser <a href=\"https:\/\/gruen-weiss-golm.de\/?page_id=95\">Kontaktformular<\/a>.<\/p><p>Andernfalls findest du hier die Kontaktdaten des Vorstandes, des Datenschutzbeauftragten und weiterer Ehrenamtlicher des Vereins.<\/p>\t\t\t\t\t\t\t\t<\/div>\n\t\t\t\t\t<\/div>\n\t\t\t\t<\/div>\n\t\t<div class=\"elementor-element elementor-element-daca024 e-flex e-con-boxed e-con e-parent\" data-id=\"daca024\" data-element_type=\"container\" data-e-type=\"container\">\n\t\t\t\t\t<div class=\"e-con-inner\">\n\t\t\t\t<div class=\"elementor-element elementor-element-5e5b1ac elementor-widget-divider--view-line_text elementor-widget-divider--element-align-center elementor-widget elementor-widget-divider\" data-id=\"5e5b1ac\" data-element_type=\"widget\" data-e-type=\"widget\" data-widget_type=\"divider.default\">\n\t\t\t\t\t\t\t<div class=\"elementor-divider\">\n\t\t\t<span class=\"elementor-divider-separator\">\n\t\t\t\t\t\t\t<span class=\"elementor-divider__text elementor-divider__element\">\n\t\t\t\tDer Vorstand\t\t\t\t<\/span>\n\t\t\t\t\t\t<\/span>\n\t\t<\/div>\n\t\t\t\t\t\t<\/div>\n\t\t\t\t\t<\/div>\n\t\t\t\t<\/div>\n\t\t<div class=\"elementor-element elementor-element-e9ef8a0 e-grid e-con-boxed e-con e-parent\" data-id=\"e9ef8a0\" data-element_type=\"container\" data-e-type=\"container\">\n\t\t\t\t\t<div class=\"e-con-inner\">\n\t\t<div class=\"elementor-element elementor-element-6b5f970 e-grid e-con-full e-con e-child\" data-id=\"6b5f970\" data-element_type=\"container\" data-e-type=\"container\" data-settings=\"{&quot;background_background&quot;:&quot;classic&quot;}\">\n\t\t\t\t<div class=\"elementor-element elementor-element-8efaf56 elementor-widget elementor-widget-image\" data-id=\"8efaf56\" data-element_type=\"widget\" data-e-type=\"widget\" data-widget_type=\"image.default\">\n\t\t\t\t\t\t\t\t\t\t\t\t\t\t\t<img fetchpriority=\"high\" decoding=\"async\" width=\"200\" height=\"300\" src=\"https:\/\/gruen-weiss-golm.de\/wp-content\/uploads\/2026\/04\/ChatGPT-Kranich-Portrait-1-200x300.webp\" class=\"attachment-medium size-medium wp-image-1393\" alt=\"\" srcset=\"https:\/\/gruen-weiss-golm.de\/wp-content\/uploads\/2026\/04\/ChatGPT-Kranich-Portrait-1-200x300.webp 200w, https:\/\/gruen-weiss-golm.de\/wp-content\/uploads\/2026\/04\/ChatGPT-Kranich-Portrait-1-683x1024.webp 683w, https:\/\/gruen-weiss-golm.de\/wp-content\/uploads\/2026\/04\/ChatGPT-Kranich-Portrait-1-768x1152.png 768w, https:\/\/gruen-weiss-golm.de\/wp-content\/uploads\/2026\/04\/ChatGPT-Kranich-Portrait-1.webp 1024w\" sizes=\"(max-width: 200px) 100vw, 200px\" \/>\t\t\t\t\t\t\t\t\t\t\t\t\t\t\t<\/div>\n\t\t\t\t<div class=\"elementor-element elementor-element-9d85969 elementor-widget elementor-widget-text-editor\" data-id=\"9d85969\" data-element_type=\"widget\" data-e-type=\"widget\" data-widget_type=\"text-editor.default\">\n\t\t\t\t\t\t\t\t\t<h4>Erster Vorsitzender<\/h4><hr \/><p>Nicolai &#8222;Nick&#8220; Melcel<\/p><p><a href=\"mailto:vorsitzender@gruen-weiss-golm.de\">vorsitzender@gruen-weiss-golm.de<\/a><\/p>\t\t\t\t\t\t\t\t<\/div>\n\t\t\t\t<\/div>\n\t\t<div class=\"elementor-element elementor-element-8b2cb2a e-grid e-con-full e-con e-child\" data-id=\"8b2cb2a\" data-element_type=\"container\" data-e-type=\"container\" data-settings=\"{&quot;background_background&quot;:&quot;classic&quot;}\">\n\t\t\t\t<div class=\"elementor-element elementor-element-c943a78 elementor-widget elementor-widget-image\" data-id=\"c943a78\" data-element_type=\"widget\" data-e-type=\"widget\" data-widget_type=\"image.default\">\n\t\t\t\t\t\t\t\t\t\t\t\t\t\t\t<img decoding=\"async\" width=\"200\" height=\"300\" src=\"https:\/\/gruen-weiss-golm.de\/wp-content\/uploads\/2026\/04\/ChatGPT-Kranich-Portrait-2-200x300.webp\" class=\"attachment-medium size-medium wp-image-1394\" alt=\"\" srcset=\"https:\/\/gruen-weiss-golm.de\/wp-content\/uploads\/2026\/04\/ChatGPT-Kranich-Portrait-2-200x300.webp 200w, https:\/\/gruen-weiss-golm.de\/wp-content\/uploads\/2026\/04\/ChatGPT-Kranich-Portrait-2-683x1024.webp 683w, https:\/\/gruen-weiss-golm.de\/wp-content\/uploads\/2026\/04\/ChatGPT-Kranich-Portrait-2-768x1152.webp 768w, https:\/\/gruen-weiss-golm.de\/wp-content\/uploads\/2026\/04\/ChatGPT-Kranich-Portrait-2.webp 1024w\" sizes=\"(max-width: 200px) 100vw, 200px\" \/>\t\t\t\t\t\t\t\t\t\t\t\t\t\t\t<\/div>\n\t\t\t\t<div class=\"elementor-element elementor-element-5c29d5b elementor-widget elementor-widget-text-editor\" data-id=\"5c29d5b\" data-element_type=\"widget\" data-e-type=\"widget\" data-widget_type=\"text-editor.default\">\n\t\t\t\t\t\t\t\t\t<h4>Zweiter Vorsitzender<\/h4><hr \/><p>Marko Ewert<\/p><p><a href=\"mailto:vize@gruen-weiss-golm.de\">vize@gruen-weiss-golm.de<\/a><\/p>\t\t\t\t\t\t\t\t<\/div>\n\t\t\t\t<\/div>\n\t\t<div class=\"elementor-element elementor-element-f1dc062 e-grid e-con-full e-con e-child\" data-id=\"f1dc062\" data-element_type=\"container\" data-e-type=\"container\" data-settings=\"{&quot;background_background&quot;:&quot;classic&quot;}\">\n\t\t\t\t<div class=\"elementor-element elementor-element-67e311b elementor-widget elementor-widget-image\" data-id=\"67e311b\" data-element_type=\"widget\" data-e-type=\"widget\" data-widget_type=\"image.default\">\n\t\t\t\t\t\t\t\t\t\t\t\t\t\t\t<img decoding=\"async\" width=\"200\" height=\"300\" src=\"https:\/\/gruen-weiss-golm.de\/wp-content\/uploads\/2026\/04\/ChatGPT-Kranich-Portrait-3-200x300.webp\" class=\"attachment-medium size-medium wp-image-1395\" alt=\"\" srcset=\"https:\/\/gruen-weiss-golm.de\/wp-content\/uploads\/2026\/04\/ChatGPT-Kranich-Portrait-3-200x300.webp 200w, https:\/\/gruen-weiss-golm.de\/wp-content\/uploads\/2026\/04\/ChatGPT-Kranich-Portrait-3-683x1024.webp 683w, https:\/\/gruen-weiss-golm.de\/wp-content\/uploads\/2026\/04\/ChatGPT-Kranich-Portrait-3-768x1152.webp 768w, https:\/\/gruen-weiss-golm.de\/wp-content\/uploads\/2026\/04\/ChatGPT-Kranich-Portrait-3.webp 1024w\" sizes=\"(max-width: 200px) 100vw, 200px\" \/>\t\t\t\t\t\t\t\t\t\t\t\t\t\t\t<\/div>\n\t\t\t\t<div class=\"elementor-element elementor-element-0cf6ed3 elementor-widget elementor-widget-text-editor\" data-id=\"0cf6ed3\" data-element_type=\"widget\" data-e-type=\"widget\" data-widget_type=\"text-editor.default\">\n\t\t\t\t\t\t\t\t\t<h4>Schatzmeister<\/h4><hr \/><p>Ren\u00e9 &#8222;M\u00fctze&#8220; K\u00f6nig<\/p><p><a href=\"mailto:schatzmeister@gruen-weiss-golm.de\">schatzmeister@gruen-weiss-golm.de<\/a><\/p>\t\t\t\t\t\t\t\t<\/div>\n\t\t\t\t<\/div>\n\t\t\t\t\t<\/div>\n\t\t\t\t<\/div>\n\t\t<div class=\"elementor-element elementor-element-6d802f2 e-grid e-con-boxed e-con e-parent\" data-id=\"6d802f2\" data-element_type=\"container\" data-e-type=\"container\">\n\t\t\t\t\t<div class=\"e-con-inner\">\n\t\t<div class=\"elementor-element elementor-element-94fcb1b e-grid e-con-full e-con e-child\" data-id=\"94fcb1b\" data-element_type=\"container\" data-e-type=\"container\" data-settings=\"{&quot;background_background&quot;:&quot;classic&quot;}\">\n\t\t\t\t<div class=\"elementor-element elementor-element-897ecab elementor-widget elementor-widget-image\" data-id=\"897ecab\" data-element_type=\"widget\" data-e-type=\"widget\" data-widget_type=\"image.default\">\n\t\t\t\t\t\t\t\t\t\t\t\t\t\t\t<img loading=\"lazy\" decoding=\"async\" width=\"200\" height=\"300\" src=\"https:\/\/gruen-weiss-golm.de\/wp-content\/uploads\/2026\/04\/ChatGPT-Kranich-Portrait-4-200x300.webp\" class=\"attachment-medium size-medium wp-image-1396\" alt=\"\" srcset=\"https:\/\/gruen-weiss-golm.de\/wp-content\/uploads\/2026\/04\/ChatGPT-Kranich-Portrait-4-200x300.webp 200w, https:\/\/gruen-weiss-golm.de\/wp-content\/uploads\/2026\/04\/ChatGPT-Kranich-Portrait-4-683x1024.webp 683w, https:\/\/gruen-weiss-golm.de\/wp-content\/uploads\/2026\/04\/ChatGPT-Kranich-Portrait-4-768x1152.webp 768w, https:\/\/gruen-weiss-golm.de\/wp-content\/uploads\/2026\/04\/ChatGPT-Kranich-Portrait-4.webp 1024w\" sizes=\"(max-width: 200px) 100vw, 200px\" \/>\t\t\t\t\t\t\t\t\t\t\t\t\t\t\t<\/div>\n\t\t\t\t<div class=\"elementor-element elementor-element-471598b elementor-widget elementor-widget-text-editor\" data-id=\"471598b\" data-element_type=\"widget\" data-e-type=\"widget\" data-widget_type=\"text-editor.default\">\n\t\t\t\t\t\t\t\t\t<h4>Sportwart<\/h4><hr \/><p>Marc Widdrat<\/p><p><a href=\"mailto:sportwart@gruen-weiss-golm.de\">sportwart@gruen-weiss-golm.de<\/a><\/p>\t\t\t\t\t\t\t\t<\/div>\n\t\t\t\t<\/div>\n\t\t<div class=\"elementor-element elementor-element-d860812 e-grid e-con-full e-con e-child\" data-id=\"d860812\" data-element_type=\"container\" data-e-type=\"container\" data-settings=\"{&quot;background_background&quot;:&quot;classic&quot;}\">\n\t\t\t\t<div class=\"elementor-element elementor-element-ff1d190 elementor-widget elementor-widget-image\" data-id=\"ff1d190\" data-element_type=\"widget\" data-e-type=\"widget\" data-widget_type=\"image.default\">\n\t\t\t\t\t\t\t\t\t\t\t\t\t\t\t<img loading=\"lazy\" decoding=\"async\" width=\"200\" height=\"300\" src=\"https:\/\/gruen-weiss-golm.de\/wp-content\/uploads\/2026\/04\/ChatGPT-Kranich-Portrait-5-200x300.webp\" class=\"attachment-medium size-medium wp-image-1397\" alt=\"\" srcset=\"https:\/\/gruen-weiss-golm.de\/wp-content\/uploads\/2026\/04\/ChatGPT-Kranich-Portrait-5-200x300.webp 200w, https:\/\/gruen-weiss-golm.de\/wp-content\/uploads\/2026\/04\/ChatGPT-Kranich-Portrait-5-683x1024.webp 683w, https:\/\/gruen-weiss-golm.de\/wp-content\/uploads\/2026\/04\/ChatGPT-Kranich-Portrait-5-768x1152.webp 768w, https:\/\/gruen-weiss-golm.de\/wp-content\/uploads\/2026\/04\/ChatGPT-Kranich-Portrait-5.webp 1024w\" sizes=\"(max-width: 200px) 100vw, 200px\" \/>\t\t\t\t\t\t\t\t\t\t\t\t\t\t\t<\/div>\n\t\t\t\t<div class=\"elementor-element elementor-element-8f35070 elementor-widget elementor-widget-text-editor\" data-id=\"8f35070\" data-element_type=\"widget\" data-e-type=\"widget\" data-widget_type=\"text-editor.default\">\n\t\t\t\t\t\t\t\t\t<h4>Jugendwart<\/h4><hr \/><p>Andreas L\u00fccke<\/p><p><a href=\"mailto:jugendwart@gruen-weiss-golm.de\">jugendwart@gruen-weiss-golm.de<\/a><\/p>\t\t\t\t\t\t\t\t<\/div>\n\t\t\t\t<\/div>\n\t\t<div class=\"elementor-element elementor-element-ce89f57 e-grid e-con-full e-con e-child\" data-id=\"ce89f57\" data-element_type=\"container\" data-e-type=\"container\" data-settings=\"{&quot;background_background&quot;:&quot;classic&quot;}\">\n\t\t\t\t<div class=\"elementor-element elementor-element-f3684f6 elementor-widget elementor-widget-image\" data-id=\"f3684f6\" data-element_type=\"widget\" data-e-type=\"widget\" data-widget_type=\"image.default\">\n\t\t\t\t\t\t\t\t\t\t\t\t\t\t\t<img loading=\"lazy\" decoding=\"async\" width=\"200\" height=\"300\" src=\"https:\/\/gruen-weiss-golm.de\/wp-content\/uploads\/2026\/04\/ChatGPT-Kranich-Portrait-6-200x300.webp\" class=\"attachment-medium size-medium wp-image-1398\" alt=\"\" srcset=\"https:\/\/gruen-weiss-golm.de\/wp-content\/uploads\/2026\/04\/ChatGPT-Kranich-Portrait-6-200x300.webp 200w, https:\/\/gruen-weiss-golm.de\/wp-content\/uploads\/2026\/04\/ChatGPT-Kranich-Portrait-6-683x1024.webp 683w, https:\/\/gruen-weiss-golm.de\/wp-content\/uploads\/2026\/04\/ChatGPT-Kranich-Portrait-6-768x1152.webp 768w, https:\/\/gruen-weiss-golm.de\/wp-content\/uploads\/2026\/04\/ChatGPT-Kranich-Portrait-6.webp 1024w\" sizes=\"(max-width: 200px) 100vw, 200px\" \/>\t\t\t\t\t\t\t\t\t\t\t\t\t\t\t<\/div>\n\t\t\t\t<div class=\"elementor-element elementor-element-f7034e1 elementor-widget elementor-widget-text-editor\" data-id=\"f7034e1\" data-element_type=\"widget\" data-e-type=\"widget\" data-widget_type=\"text-editor.default\">\n\t\t\t\t\t\t\t\t\t<h4>Schriftf\u00fchrer<\/h4><hr \/><p>Ronny &#8222;Beinhart&#8220; Werner<\/p><p><a href=\"mailto:schriftfuehrer@gruen-weiss-golm.de\">schriftfuehrer@gruen-weiss-golm.de<\/a><\/p>\t\t\t\t\t\t\t\t<\/div>\n\t\t\t\t<\/div>\n\t\t\t\t\t<\/div>\n\t\t\t\t<\/div>\n\t\t<div class=\"elementor-element elementor-element-f85d078 e-flex e-con-boxed e-con e-parent\" data-id=\"f85d078\" data-element_type=\"container\" data-e-type=\"container\">\n\t\t\t\t\t<div class=\"e-con-inner\">\n\t\t\t\t<div class=\"elementor-element elementor-element-80ab41a elementor-widget-divider--view-line_text elementor-widget-divider--element-align-center elementor-widget elementor-widget-divider\" data-id=\"80ab41a\" data-element_type=\"widget\" data-e-type=\"widget\" data-widget_type=\"divider.default\">\n\t\t\t\t\t\t\t<div class=\"elementor-divider\">\n\t\t\t<span class=\"elementor-divider-separator\">\n\t\t\t\t\t\t\t<span class=\"elementor-divider__text elementor-divider__element\">\n\t\t\t\tWeitere Vereinsoffizielle und Ehrenamtliche\t\t\t\t<\/span>\n\t\t\t\t\t\t<\/span>\n\t\t<\/div>\n\t\t\t\t\t\t<\/div>\n\t\t\t\t\t<\/div>\n\t\t\t\t<\/div>\n\t\t<div class=\"elementor-element elementor-element-fbd9650 e-grid e-con-boxed e-con e-parent\" data-id=\"fbd9650\" data-element_type=\"container\" data-e-type=\"container\">\n\t\t\t\t\t<div class=\"e-con-inner\">\n\t\t<div class=\"elementor-element elementor-element-9724a8f e-grid e-con-full e-con e-child\" data-id=\"9724a8f\" data-element_type=\"container\" data-e-type=\"container\" data-settings=\"{&quot;background_background&quot;:&quot;classic&quot;}\">\n\t\t\t\t<div class=\"elementor-element elementor-element-4bb2a26 elementor-widget elementor-widget-image\" data-id=\"4bb2a26\" data-element_type=\"widget\" data-e-type=\"widget\" data-widget_type=\"image.default\">\n\t\t\t\t\t\t\t\t\t\t\t\t\t\t\t<img loading=\"lazy\" decoding=\"async\" width=\"200\" height=\"300\" src=\"https:\/\/gruen-weiss-golm.de\/wp-content\/uploads\/2026\/04\/ChatGPT-Kranich-Portrait-7-1-200x300.webp\" class=\"attachment-medium size-medium wp-image-1415\" alt=\"\" srcset=\"https:\/\/gruen-weiss-golm.de\/wp-content\/uploads\/2026\/04\/ChatGPT-Kranich-Portrait-7-1-200x300.webp 200w, https:\/\/gruen-weiss-golm.de\/wp-content\/uploads\/2026\/04\/ChatGPT-Kranich-Portrait-7-1-683x1024.webp 683w, https:\/\/gruen-weiss-golm.de\/wp-content\/uploads\/2026\/04\/ChatGPT-Kranich-Portrait-7-1-768x1152.webp 768w, https:\/\/gruen-weiss-golm.de\/wp-content\/uploads\/2026\/04\/ChatGPT-Kranich-Portrait-7-1.webp 1024w\" sizes=\"(max-width: 200px) 100vw, 200px\" \/>\t\t\t\t\t\t\t\t\t\t\t\t\t\t\t<\/div>\n\t\t\t\t<div class=\"elementor-element elementor-element-d8806c4 elementor-widget elementor-widget-text-editor\" data-id=\"d8806c4\" data-element_type=\"widget\" data-e-type=\"widget\" data-widget_type=\"text-editor.default\">\n\t\t\t\t\t\t\t\t\t<h4>Datenschutz-beauftragter<\/h4><hr \/><p>tba<\/p><p><a href=\"mailto:datenschutz@gruen-weiss-golm.de\">datenschutz@gruen-weiss-golm.de<\/a><\/p>\t\t\t\t\t\t\t\t<\/div>\n\t\t\t\t<\/div>\n\t\t<div class=\"elementor-element elementor-element-f994587 e-grid e-con-full e-con e-child\" data-id=\"f994587\" data-element_type=\"container\" data-e-type=\"container\" data-settings=\"{&quot;background_background&quot;:&quot;classic&quot;}\">\n\t\t\t\t<div class=\"elementor-element elementor-element-cfedcbb elementor-widget elementor-widget-image\" data-id=\"cfedcbb\" data-element_type=\"widget\" data-e-type=\"widget\" data-widget_type=\"image.default\">\n\t\t\t\t\t\t\t\t\t\t\t\t\t\t\t<img loading=\"lazy\" decoding=\"async\" width=\"200\" height=\"300\" src=\"https:\/\/gruen-weiss-golm.de\/wp-content\/uploads\/2026\/04\/ChatGPT-Kranich-Portrait-7-1-200x300.webp\" class=\"attachment-medium size-medium wp-image-1415\" alt=\"\" srcset=\"https:\/\/gruen-weiss-golm.de\/wp-content\/uploads\/2026\/04\/ChatGPT-Kranich-Portrait-7-1-200x300.webp 200w, https:\/\/gruen-weiss-golm.de\/wp-content\/uploads\/2026\/04\/ChatGPT-Kranich-Portrait-7-1-683x1024.webp 683w, https:\/\/gruen-weiss-golm.de\/wp-content\/uploads\/2026\/04\/ChatGPT-Kranich-Portrait-7-1-768x1152.webp 768w, https:\/\/gruen-weiss-golm.de\/wp-content\/uploads\/2026\/04\/ChatGPT-Kranich-Portrait-7-1.webp 1024w\" sizes=\"(max-width: 200px) 100vw, 200px\" \/>\t\t\t\t\t\t\t\t\t\t\t\t\t\t\t<\/div>\n\t\t\t\t<div class=\"elementor-element elementor-element-79da093 elementor-widget elementor-widget-text-editor\" data-id=\"79da093\" data-element_type=\"widget\" data-e-type=\"widget\" data-widget_type=\"text-editor.default\">\n\t\t\t\t\t\t\t\t\t<h4>Kinderfu\u00dfball<\/h4><hr \/><p>Steffen Walther<\/p><p><a href=\"mailto:kinderfussball@gruen-weiss-golm.de\">kinderfussball@gruen-weiss-golm.de<\/a><\/p>\t\t\t\t\t\t\t\t<\/div>\n\t\t\t\t<\/div>\n\t\t<div class=\"elementor-element elementor-element-0db21bf e-grid e-con-full e-con e-child\" data-id=\"0db21bf\" data-element_type=\"container\" data-e-type=\"container\" data-settings=\"{&quot;background_background&quot;:&quot;classic&quot;}\">\n\t\t\t\t<div class=\"elementor-element elementor-element-cf74cc8 elementor-widget elementor-widget-image\" data-id=\"cf74cc8\" data-element_type=\"widget\" data-e-type=\"widget\" data-widget_type=\"image.default\">\n\t\t\t\t\t\t\t\t\t\t\t\t\t\t\t<img loading=\"lazy\" decoding=\"async\" width=\"200\" height=\"300\" src=\"https:\/\/gruen-weiss-golm.de\/wp-content\/uploads\/2026\/04\/ChatGPT-Kranich-Portrait-7-1-200x300.webp\" class=\"attachment-medium size-medium wp-image-1415\" alt=\"\" srcset=\"https:\/\/gruen-weiss-golm.de\/wp-content\/uploads\/2026\/04\/ChatGPT-Kranich-Portrait-7-1-200x300.webp 200w, https:\/\/gruen-weiss-golm.de\/wp-content\/uploads\/2026\/04\/ChatGPT-Kranich-Portrait-7-1-683x1024.webp 683w, https:\/\/gruen-weiss-golm.de\/wp-content\/uploads\/2026\/04\/ChatGPT-Kranich-Portrait-7-1-768x1152.webp 768w, https:\/\/gruen-weiss-golm.de\/wp-content\/uploads\/2026\/04\/ChatGPT-Kranich-Portrait-7-1.webp 1024w\" sizes=\"(max-width: 200px) 100vw, 200px\" \/>\t\t\t\t\t\t\t\t\t\t\t\t\t\t\t<\/div>\n\t\t\t\t<div class=\"elementor-element elementor-element-f6a0b59 elementor-widget elementor-widget-text-editor\" data-id=\"f6a0b59\" data-element_type=\"widget\" data-e-type=\"widget\" data-widget_type=\"text-editor.default\">\n\t\t\t\t\t\t\t\t\t<h4>tba<\/h4><hr \/><p>tba<\/p>\t\t\t\t\t\t\t\t<\/div>\n\t\t\t\t<\/div>\n\t\t\t\t\t<\/div>\n\t\t\t\t<\/div>\n\t\t\t\t<\/div>\n\t\t","protected":false},"excerpt":{"rendered":"<p>Falls du eine allgemeine Anfrage hast, nutze unser Kontaktformular. Andernfalls findest du hier die Kontaktdaten des Vorstandes, des Datenschutzbeauftragten und weiterer Ehrenamtlicher des Vereins. Der Vorstand Erster Vorsitzender Nicolai &#8222;Nick&#8220; Melcel vorsitzender@gruen-weiss-golm.de Zweiter Vorsitzender Marko Ewert vize@gruen-weiss-golm.de Schatzmeister Ren\u00e9 &#8222;M\u00fctze&#8220; K\u00f6nig schatzmeister@gruen-weiss-golm.de Sportwart Marc Widdrat sportwart@gruen-weiss-golm.de Jugendwart Andreas L\u00fccke jugendwart@gruen-weiss-golm.de Schriftf\u00fchrer Ronny &#8222;Beinhart&#8220; Werner schriftfuehrer@gruen-weiss-golm.de [&hellip;]<\/p>\n","protected":false},"author":1,"featured_media":0,"parent":0,"menu_order":0,"comment_status":"closed","ping_status":"closed","template":"","meta":{"footnotes":""},"class_list":["post-632","page","type-page","status-publish","hentry"],"_links":{"self":[{"href":"https:\/\/gruen-weiss-golm.de\/index.php?rest_route=\/wp\/v2\/pages\/632","targetHints":{"allow":["GET"]}}],"collection":[{"href":"https:\/\/gruen-weiss-golm.de\/index.php?rest_route=\/wp\/v2\/pages"}],"about":[{"href":"https:\/\/gruen-weiss-golm.de\/index.php?rest_route=\/wp\/v2\/types\/page"}],"author":[{"embeddable":true,"href":"https:\/\/gruen-weiss-golm.de\/index.php?rest_route=\/wp\/v2\/users\/1"}],"replies":[{"embeddable":true,"href":"https:\/\/gruen-weiss-golm.de\/index.php?rest_route=%2Fwp%2Fv2%2Fcomments&post=632"}],"version-history":[{"count":41,"href":"https:\/\/gruen-weiss-golm.de\/index.php?rest_route=\/wp\/v2\/pages\/632\/revisions"}],"predecessor-version":[{"id":2007,"href":"https:\/\/gruen-weiss-golm.de\/index.php?rest_route=\/wp\/v2\/pages\/632\/revisions\/2007"}],"wp:attachment":[{"href":"https:\/\/gruen-weiss-golm.de\/index.php?rest_route=%2Fwp%2Fv2%2Fmedia&parent=632"}],"curies":[{"name":"wp","href":"https:\/\/api.w.org\/{rel}","templated":true}]}}