{"id":853,"date":"2025-12-30T10:03:12","date_gmt":"2025-12-30T09:03:12","guid":{"rendered":"https:\/\/gruen-weiss-golm.de\/?page_id=853"},"modified":"2026-04-06T06:19:31","modified_gmt":"2026-04-06T05:19:31","slug":"d3-junioren","status":"publish","type":"page","link":"https:\/\/gruen-weiss-golm.de\/?page_id=853","title":{"rendered":"D3-Junioren"},"content":{"rendered":"\t\t<div data-elementor-type=\"wp-page\" data-elementor-id=\"853\" class=\"elementor elementor-853\">\n\t\t\t\t<div class=\"elementor-element elementor-element-7df7af5 e-flex e-con-boxed e-con e-parent\" data-id=\"7df7af5\" data-element_type=\"container\" data-e-type=\"container\">\n\t\t\t\t\t<div class=\"e-con-inner\">\n\t\t<div class=\"elementor-element elementor-element-d0af60e e-con-full e-flex e-con e-child\" data-id=\"d0af60e\" data-element_type=\"container\" data-e-type=\"container\">\n\t\t\t\t<div class=\"elementor-element elementor-element-62f4e02 elementor-widget elementor-widget-image\" data-id=\"62f4e02\" data-element_type=\"widget\" data-e-type=\"widget\" data-widget_type=\"image.default\">\n\t\t\t\t\t\t\t\t\t\t\t\t<figure class=\"wp-caption\">\n\t\t\t\t\t\t\t\t\t\t<img fetchpriority=\"high\" decoding=\"async\" width=\"800\" height=\"534\" src=\"https:\/\/gruen-weiss-golm.de\/wp-content\/uploads\/2025\/12\/ChatGPT-Image-26.-Dez.-2025-19_11_01-1024x683.png\" class=\"attachment-large size-large wp-image-128\" alt=\"\" srcset=\"https:\/\/gruen-weiss-golm.de\/wp-content\/uploads\/2025\/12\/ChatGPT-Image-26.-Dez.-2025-19_11_01-1024x683.png 1024w, https:\/\/gruen-weiss-golm.de\/wp-content\/uploads\/2025\/12\/ChatGPT-Image-26.-Dez.-2025-19_11_01-300x200.png 300w, https:\/\/gruen-weiss-golm.de\/wp-content\/uploads\/2025\/12\/ChatGPT-Image-26.-Dez.-2025-19_11_01-768x512.png 768w, https:\/\/gruen-weiss-golm.de\/wp-content\/uploads\/2025\/12\/ChatGPT-Image-26.-Dez.-2025-19_11_01.png 1536w\" sizes=\"(max-width: 800px) 100vw, 800px\" \/>\t\t\t\t\t\t\t\t\t\t\t<figcaption class=\"widget-image-caption wp-caption-text\">Hier folgt demn\u00e4chst ein Mannschaftsfoto.<\/figcaption>\n\t\t\t\t\t\t\t\t\t\t<\/figure>\n\t\t\t\t\t\t\t\t\t<\/div>\n\t\t\t\t<\/div>\n\t\t<div class=\"elementor-element elementor-element-9980d40 e-con-full e-grid e-con e-child\" data-id=\"9980d40\" data-element_type=\"container\" data-e-type=\"container\">\n\t\t\t\t<div class=\"elementor-element elementor-element-8896bb3 elementor-widget__width-inherit elementor-widget elementor-widget-text-editor\" data-id=\"8896bb3\" data-element_type=\"widget\" data-e-type=\"widget\" data-widget_type=\"text-editor.default\">\n\t\t\t\t\t\t\t\t\t<h3 style=\"text-align: left;\">Verantwortliche<\/h3><p style=\"text-align: left;\">Trainer: Jan-Peter Hagenm\u00fcller<\/p><p style=\"text-align: left;\">Co-Trainerin: Sandra Hagenm\u00fcller<\/p><p style=\"text-align: left;\">Kontakt: <a href=\"mailto:d3-junioren@gruen-weiss-golm.de\">d3-junioren@gruen-weiss-golm.de<\/a><\/p><hr \/><h3 style=\"text-align: left;\">Trainingszeiten<\/h3><p style=\"text-align: left;\">Dienstag: 18:00-19:30<\/p><p style=\"text-align: left;\">Mittwoch: 16:30-18:00<\/p><p style=\"text-align: left;\">Donnerstag: 16:30-18:00<\/p><hr \/><h3 style=\"text-align: left;\">Weitere Infos<\/h3><p>Jahrgang: 2015 (U11)<\/p><p style=\"text-align: left;\">Heimspieltag: Sonntag<\/p><p style=\"text-align: left;\">Altersklasse: U12 (2014) und U13 (2013)<\/p>\t\t\t\t\t\t\t\t<\/div>\n\t\t\t\t<\/div>\n\t\t\t\t\t<\/div>\n\t\t\t\t<\/div>\n\t\t<div class=\"elementor-element elementor-element-dc7a24c e-flex e-con-boxed e-con e-parent\" data-id=\"dc7a24c\" data-element_type=\"container\" data-e-type=\"container\">\n\t\t\t\t\t<div class=\"e-con-inner\">\n\t\t\t\t<div class=\"elementor-element elementor-element-37929b1 elementor-widget-divider--view-line_icon elementor-view-default elementor-widget-divider--element-align-center elementor-widget elementor-widget-divider\" data-id=\"37929b1\" data-element_type=\"widget\" data-e-type=\"widget\" data-widget_type=\"divider.default\">\n\t\t\t\t\t\t\t<div class=\"elementor-divider\">\n\t\t\t<span class=\"elementor-divider-separator\">\n\t\t\t\t\t\t\t<div class=\"elementor-icon elementor-divider__element\">\n\t\t\t\t\t<svg aria-hidden=\"true\" class=\"e-font-icon-svg e-fas-star\" viewBox=\"0 0 576 512\" xmlns=\"http:\/\/www.w3.org\/2000\/svg\"><path d=\"M259.3 17.8L194 150.2 47.9 171.5c-26.2 3.8-36.7 36.1-17.7 54.6l105.7 103-25 145.5c-4.5 26.3 23.2 46 46.4 33.7L288 439.6l130.7 68.7c23.2 12.2 50.9-7.4 46.4-33.7l-25-145.5 105.7-103c19-18.5 8.5-50.8-17.7-54.6L382 150.2 316.7 17.8c-11.7-23.6-45.6-23.9-57.4 0z\"><\/path><\/svg><\/div>\n\t\t\t\t\t\t<\/span>\n\t\t<\/div>\n\t\t\t\t\t\t<\/div>\n\t\t\t\t\t<\/div>\n\t\t\t\t<\/div>\n\t\t<div class=\"elementor-element elementor-element-549bbdb e-grid e-con-boxed e-con e-parent\" data-id=\"549bbdb\" data-element_type=\"container\" data-e-type=\"container\">\n\t\t\t\t\t<div class=\"e-con-inner\">\n\t\t\t\t<div class=\"elementor-element elementor-element-25de119 elementor-widget elementor-widget-html\" data-id=\"25de119\" data-element_type=\"widget\" data-e-type=\"widget\" data-widget_type=\"html.default\">\n\t\t\t\t\t<div \r\n  class=\"fussballde_widget\"\r\n  data-id=\"025f4214-257b-4b76-b3fb-0591ee428d53\"\r\n  data-type=\"table\"\r\n  style=\"width: 100%\"\r\n><\/div>\t\t\t\t<\/div>\n\t\t\t\t<div class=\"elementor-element elementor-element-537b8e4 elementor-widget elementor-widget-html\" data-id=\"537b8e4\" data-element_type=\"widget\" data-e-type=\"widget\" data-widget_type=\"html.default\">\n\t\t\t\t\t\r\n<div \r\n  class=\"fussballde_widget\"\r\n  data-id=\"e9bc1dce-d01f-408a-94da-9530329c5584\"\r\n  data-type=\"team-matches\"\r\n  style=\"width: 100%\"\r\n><\/div>\t\t\t\t<\/div>\n\t\t\t\t\t<\/div>\n\t\t\t\t<\/div>\n\t\t\t\t<\/div>\n\t\t","protected":false},"excerpt":{"rendered":"<p>Hier folgt demn\u00e4chst ein Mannschaftsfoto. Verantwortliche Trainer: Jan-Peter Hagenm\u00fcller Co-Trainerin: Sandra Hagenm\u00fcller Kontakt: d3-junioren@gruen-weiss-golm.de Trainingszeiten Dienstag: 18:00-19:30 Mittwoch: 16:30-18:00 Donnerstag: 16:30-18:00 Weitere Infos Jahrgang: 2015 (U11) Heimspieltag: Sonntag Altersklasse: U12 (2014) und U13 (2013)<\/p>\n","protected":false},"author":1,"featured_media":0,"parent":0,"menu_order":0,"comment_status":"closed","ping_status":"closed","template":"","meta":{"footnotes":""},"class_list":["post-853","page","type-page","status-publish","hentry"],"_links":{"self":[{"href":"https:\/\/gruen-weiss-golm.de\/index.php?rest_route=\/wp\/v2\/pages\/853","targetHints":{"allow":["GET"]}}],"collection":[{"href":"https:\/\/gruen-weiss-golm.de\/index.php?rest_route=\/wp\/v2\/pages"}],"about":[{"href":"https:\/\/gruen-weiss-golm.de\/index.php?rest_route=\/wp\/v2\/types\/page"}],"author":[{"embeddable":true,"href":"https:\/\/gruen-weiss-golm.de\/index.php?rest_route=\/wp\/v2\/users\/1"}],"replies":[{"embeddable":true,"href":"https:\/\/gruen-weiss-golm.de\/index.php?rest_route=%2Fwp%2Fv2%2Fcomments&post=853"}],"version-history":[{"count":21,"href":"https:\/\/gruen-weiss-golm.de\/index.php?rest_route=\/wp\/v2\/pages\/853\/revisions"}],"predecessor-version":[{"id":1853,"href":"https:\/\/gruen-weiss-golm.de\/index.php?rest_route=\/wp\/v2\/pages\/853\/revisions\/1853"}],"wp:attachment":[{"href":"https:\/\/gruen-weiss-golm.de\/index.php?rest_route=%2Fwp%2Fv2%2Fmedia&parent=853"}],"curies":[{"name":"wp","href":"https:\/\/api.w.org\/{rel}","templated":true}]}}